{"id":876,"date":"2022-10-14T14:59:19","date_gmt":"2022-10-14T14:59:19","guid":{"rendered":"https:\/\/handsofhope.net\/quienes-somos\/"},"modified":"2023-08-14T19:38:32","modified_gmt":"2023-08-14T19:38:32","slug":"quienes-somos","status":"publish","type":"page","link":"https:\/\/handsofhope.net\/es\/quienes-somos\/","title":{"rendered":"Qui\u00e9nes somos"},"content":{"rendered":"\t\t<div data-elementor-type=\"wp-page\" data-elementor-id=\"876\" class=\"elementor elementor-876 elementor-103\" data-elementor-post-type=\"page\">\n\t\t\t\t<div class=\"elementor-element elementor-element-4d2756f e-flex e-con-boxed e-con e-parent\" data-id=\"4d2756f\" data-element_type=\"container\" data-e-type=\"container\" data-settings=\"{&quot;background_background&quot;:&quot;classic&quot;}\">\n\t\t\t\t\t<div class=\"e-con-inner\">\n\t\t<div class=\"elementor-element elementor-element-a9e4ecd e-con-full e-flex e-con e-child\" data-id=\"a9e4ecd\" data-element_type=\"container\" data-e-type=\"container\">\n\t\t\t\t<div class=\"elementor-element elementor-element-2b74359 elementor-widget elementor-widget-heading\" data-id=\"2b74359\" data-element_type=\"widget\" data-e-type=\"widget\" data-widget_type=\"heading.default\">\n\t\t\t\t<div class=\"elementor-widget-container\">\n\t\t\t\t\t<h1 class=\"elementor-heading-title elementor-size-default\">Imaginamos hogares y comunidades libres de crimen y violencia.<\/h1>\t\t\t\t<\/div>\n\t\t\t\t<\/div>\n\t\t\t\t<div class=\"elementor-element elementor-element-3ee32f7 elementor-widget elementor-widget-text-editor\" data-id=\"3ee32f7\" data-element_type=\"widget\" data-e-type=\"widget\" data-widget_type=\"text-editor.default\">\n\t\t\t\t<div class=\"elementor-widget-container\">\n\t\t\t\t\t\t\t\t\t<p>El Centro de Recursos Manos de Esperanza defiende, educa y promueve el cambio social para aquellos afectados por el crimen y el abuso. Nuestra agencia ofrece servicios gratuitos y confidenciales para las personas afectadas por violencia dom\u00e9stica, agresi\u00f3n sexual, abuso infantil y delitos generales en los condados de Morrison y Todd.<\/p>\n\t\t\t\t\t\t\t\t<\/div>\n\t\t\t\t<\/div>\n\t\t\t\t<\/div>\n\t\t\t\t\t<\/div>\n\t\t\t\t<\/div>\n\t\t<div class=\"elementor-element elementor-element-18526e2 e-flex e-con-boxed e-con e-parent\" data-id=\"18526e2\" data-element_type=\"container\" data-e-type=\"container\" data-settings=\"{&quot;background_background&quot;:&quot;classic&quot;}\">\n\t\t\t\t\t<div class=\"e-con-inner\">\n\t\t<div class=\"elementor-element elementor-element-b724fa4 e-con-full e-flex e-con e-child\" data-id=\"b724fa4\" data-element_type=\"container\" data-e-type=\"container\">\n\t\t\t\t<div class=\"elementor-element elementor-element-ec51548 elementor-widget elementor-widget-heading\" data-id=\"ec51548\" data-element_type=\"widget\" data-e-type=\"widget\" data-widget_type=\"heading.default\">\n\t\t\t\t<div class=\"elementor-widget-container\">\n\t\t\t\t\t<h3 class=\"elementor-heading-title elementor-size-default\">El Centro de Recursos Manos de la Esperanza proporciona un ambiente seguro que respeta los valores y creencias individuales para grupos de g\u00e9nero, edad, raza, sociales y econ\u00f3micos.  <\/h3>\t\t\t\t<\/div>\n\t\t\t\t<\/div>\n\t\t\t\t<div class=\"elementor-element elementor-element-dd54ab0 elementor-widget elementor-widget-text-editor\" data-id=\"dd54ab0\" data-element_type=\"widget\" data-e-type=\"widget\" data-widget_type=\"text-editor.default\">\n\t\t\t\t<div class=\"elementor-widget-container\">\n\t\t\t\t\t\t\t\t\t<p>Nuestros servicios est\u00e1n disponibles para aquellos directamente afectados por el crimen y el abuso, as\u00ed como para sus seres queridos. Nuestros servicios est\u00e1n centrados en las v\u00edctimas. Nuestro personal se asegura de que cada cliente est\u00e9 facultado para determinar su propio camino \u00fanico que satisfaga sus necesidades individuales. Nuestro personal proporciona informaci\u00f3n, referencias y apoyo necesarios para comprender y navegar por los sistemas de aplicaci\u00f3n de la ley, m\u00e9dicos, judiciales y de servicios sociales que afectan a las v\u00edctimas de delitos y abusos.<\/p>\n\t\t\t\t\t\t\t\t<\/div>\n\t\t\t\t<\/div>\n\t\t\t\t<\/div>\n\t\t\t\t\t<\/div>\n\t\t\t\t<\/div>\n\t\t\t\t<section class=\"elementor-section elementor-top-section elementor-element elementor-element-4aec932 elementor-section-boxed elementor-section-height-default elementor-section-height-default\" data-id=\"4aec932\" data-element_type=\"section\" data-e-type=\"section\">\n\t\t\t\t\t\t<div class=\"elementor-container elementor-column-gap-default\">\n\t\t\t\t\t<div class=\"elementor-column elementor-col-50 elementor-top-column elementor-element elementor-element-8223dbf\" data-id=\"8223dbf\" data-element_type=\"column\" data-e-type=\"column\">\n\t\t\t<div class=\"elementor-widget-wrap elementor-element-populated\">\n\t\t\t\t\t\t<div class=\"elementor-element elementor-element-4586ab2 elementor-widget elementor-widget-heading\" data-id=\"4586ab2\" data-element_type=\"widget\" data-e-type=\"widget\" data-widget_type=\"heading.default\">\n\t\t\t\t<div class=\"elementor-widget-container\">\n\t\t\t\t\t<h3 class=\"elementor-heading-title elementor-size-default\">MIRANDO HACIA EL FUTURO<\/h3>\t\t\t\t<\/div>\n\t\t\t\t<\/div>\n\t\t\t\t<div class=\"elementor-element elementor-element-75ab5ae elementor-widget__width-initial elementor-widget elementor-widget-text-editor\" data-id=\"75ab5ae\" data-element_type=\"widget\" data-e-type=\"widget\" data-widget_type=\"text-editor.default\">\n\t\t\t\t<div class=\"elementor-widget-container\">\n\t\t\t\t\t\t\t\t\t<p>Al mirar hacia tu futuro, est\u00e1s optimistamente consumido por la esperanza y las nuevas posibilidades, \u00bfverdad? \u00a1Y deber\u00edas estarlo! Sin embargo, algunas personas que est\u00e1n atrapadas en una relaci\u00f3n abusiva tal vez no est\u00e9n tan llenas de esa positividad. \u00bfPor qu\u00e9? Porque para una v\u00edctima de abuso, la esperanza no siempre es un sentimiento presente. Es com\u00fan que alguien en el exterior que mira a una v\u00edctima de abuso pregunte \u00ab\u00bfpor qu\u00e9 no se va?\u00bb<\/p>\n<p>Es una posici\u00f3n dif\u00edcil de entender para alguien que nunca ha sido abusado. La lista de razones para quedarse es bastante larga, y solo enumerar\u00e9 algunas aqu\u00ed. El miedo es obvio, la verg\u00fcenza de que hayan permitido estos comportamientos y que nadie entienda o critiquen, no haya opciones ni ning\u00fan lugar a donde ir, y el amor.<\/p>\n<p>S\u00ed, dije amor. Las v\u00edctimas a menudo tienen profundas conexiones emocionales y amorosas con sus parejas abusivas. Mi preocupaci\u00f3n sobre esta pregunta de por qu\u00e9 las v\u00edctimas se quedan es que todos deber\u00edamos preguntarnos, \u00ab\u00bfpor qu\u00e9 hace eso?\u00bb y poner la responsabilidad de estos comportamientos en el abusador. Si desea saber m\u00e1s sobre la violencia dom\u00e9stica u otros tipos de abuso, le animo a explorar nuestro sitio web para obtener esta y otra informaci\u00f3n \u00fatil.<\/p>\n<p>A medida que avanzan y miran hacia su futuro, mi deseo para todos ustedes es seguridad y paz en sus relaciones.<\/p>\n<p>Stephenie Och &#8211; Espa\u00f1a | Director Ejecutivo<\/p>\n\t\t\t\t\t\t\t\t<\/div>\n\t\t\t\t<\/div>\n\t\t\t\t\t<\/div>\n\t\t<\/div>\n\t\t\t\t<div class=\"elementor-column elementor-col-50 elementor-top-column elementor-element elementor-element-601e9db\" data-id=\"601e9db\" data-element_type=\"column\" data-e-type=\"column\">\n\t\t\t<div class=\"elementor-widget-wrap elementor-element-populated\">\n\t\t\t\t\t\t<div class=\"elementor-element elementor-element-92e9bfb elementor-widget elementor-widget-image\" data-id=\"92e9bfb\" data-element_type=\"widget\" data-e-type=\"widget\" data-widget_type=\"image.default\">\n\t\t\t\t<div class=\"elementor-widget-container\">\n\t\t\t\t\t\t\t\t\t\t\t\t\t\t\t<img fetchpriority=\"high\" decoding=\"async\" width=\"1829\" height=\"2560\" src=\"https:\/\/handsofhope.net\/wp-content\/uploads\/2023\/05\/pexels-felix-mittermeier-2832028-scaled.jpg\" class=\"attachment-full size-full wp-image-590\" alt=\"\" srcset=\"https:\/\/handsofhope.net\/wp-content\/uploads\/2023\/05\/pexels-felix-mittermeier-2832028-scaled.jpg 1829w, https:\/\/handsofhope.net\/wp-content\/uploads\/2023\/05\/pexels-felix-mittermeier-2832028-214x300.jpg 214w, https:\/\/handsofhope.net\/wp-content\/uploads\/2023\/05\/pexels-felix-mittermeier-2832028-732x1024.jpg 732w, https:\/\/handsofhope.net\/wp-content\/uploads\/2023\/05\/pexels-felix-mittermeier-2832028-768x1075.jpg 768w, https:\/\/handsofhope.net\/wp-content\/uploads\/2023\/05\/pexels-felix-mittermeier-2832028-1097x1536.jpg 1097w, https:\/\/handsofhope.net\/wp-content\/uploads\/2023\/05\/pexels-felix-mittermeier-2832028-1463x2048.jpg 1463w\" sizes=\"(max-width: 1829px) 100vw, 1829px\" \/>\t\t\t\t\t\t\t\t\t\t\t\t\t\t\t<\/div>\n\t\t\t\t<\/div>\n\t\t\t\t\t<\/div>\n\t\t<\/div>\n\t\t\t\t\t<\/div>\n\t\t<\/section>\n\t\t<div class=\"elementor-element elementor-element-1df5c03 e-flex e-con-boxed e-con e-parent\" data-id=\"1df5c03\" data-element_type=\"container\" data-e-type=\"container\" data-settings=\"{&quot;background_background&quot;:&quot;classic&quot;}\">\n\t\t\t\t\t<div class=\"e-con-inner\">\n\t\t<div class=\"elementor-element elementor-element-b16616e e-con-full e-flex e-con e-child\" data-id=\"b16616e\" data-element_type=\"container\" data-e-type=\"container\">\n\t\t\t\t<div class=\"elementor-element elementor-element-f9c818b elementor-widget elementor-widget-heading\" data-id=\"f9c818b\" data-element_type=\"widget\" data-e-type=\"widget\" data-widget_type=\"heading.default\">\n\t\t\t\t<div class=\"elementor-widget-container\">\n\t\t\t\t\t<h3 class=\"elementor-heading-title elementor-size-default\">Nuestros valores fundamentales<\/h3>\t\t\t\t<\/div>\n\t\t\t\t<\/div>\n\t\t\t\t<\/div>\n\t\t\t\t\t<\/div>\n\t\t\t\t<\/div>\n\t\t<div class=\"elementor-element elementor-element-d38a61c e-flex e-con-boxed e-con e-parent\" data-id=\"d38a61c\" data-element_type=\"container\" data-e-type=\"container\" data-settings=\"{&quot;background_background&quot;:&quot;classic&quot;}\">\n\t\t\t\t\t<div class=\"e-con-inner\">\n\t\t<div class=\"elementor-element elementor-element-7014da4 e-con-full e-flex e-con e-child\" data-id=\"7014da4\" data-element_type=\"container\" data-e-type=\"container\">\n\t\t\t\t<div class=\"elementor-element elementor-element-a91846a elementor-widget elementor-widget-text-editor\" data-id=\"a91846a\" data-element_type=\"widget\" data-e-type=\"widget\" data-widget_type=\"text-editor.default\">\n\t\t\t\t<div class=\"elementor-widget-container\">\n\t\t\t\t\t\t\t\t\t<ul class=\"font_8 wixui-rich-text__text\">\n<li class=\"wixui-rich-text__text\">\n<p class=\"font_8 wixui-rich-text__text\"><span class=\"wixui-rich-text__text\">Abogac\u00eda: escuchamos y damos voz a las v\u00edctimas para que se reconozcan sus derechos.<\/span><\/p>\n<\/li>\n<li class=\"wixui-rich-text__text\">\n<p class=\"font_8 wixui-rich-text__text\"><span class=\"wixui-rich-text__text\">Respeto &#8211; proporcionamos un ambiente acogedor y seguro para mujeres, hombres y ni\u00f1os de todos los grupos raciales, sociales y econ\u00f3micos.<\/span><\/p>\n<\/li>\n<li class=\"wixui-rich-text__text\">\n<p class=\"font_8 wixui-rich-text__text\"><span class=\"wixui-rich-text__text\">Empoderamiento: apoyamos a los clientes para que tomen las mejores decisiones que puedan para sus propias vidas.<\/span><\/p>\n<\/li>\n<li class=\"wixui-rich-text__text\">\n<p class=\"font_8 wixui-rich-text__text\"><span class=\"wixui-rich-text__text\">Catalizador para el cambio: desafiamos a nuestra comunidad a tomar una posici\u00f3n contra la violencia y el crimen.<\/span><\/p>\n<\/li>\n<\/ul>\n\t\t\t\t\t\t\t\t<\/div>\n\t\t\t\t<\/div>\n\t\t\t\t<div class=\"elementor-element elementor-element-8369b25 elementor-widget elementor-widget-text-editor\" data-id=\"8369b25\" data-element_type=\"widget\" data-e-type=\"widget\" data-widget_type=\"text-editor.default\">\n\t\t\t\t<div class=\"elementor-widget-container\">\n\t\t\t\t\t\t\t\t\t<p class=\"font_8 wixui-rich-text__text\"><span class=\"wixui-rich-text__text\">El Centro de Recursos Manos de la Esperanza proporciona un ambiente seguro que respeta los valores y creencias individuales para grupos de g\u00e9nero, edad, raza, sociales y econ\u00f3micos. Nuestros servicios est\u00e1n disponibles para aquellos directamente afectados por el crimen y el abuso, as\u00ed como para sus seres queridos. Nuestros servicios est\u00e1n centrados en las v\u00edctimas. Nuestro personal se asegura de que cada cliente est\u00e9 facultado para determinar su propio camino \u00fanico que satisfaga sus necesidades individuales. Nuestro personal proporciona informaci\u00f3n, referencias y apoyo necesarios para comprender y navegar por los sistemas de aplicaci\u00f3n de la ley, m\u00e9dicos, judiciales y de servicios sociales que afectan a las v\u00edctimas de delitos y abusos.<\/span><\/p>\n<p class=\"font_8 wixui-rich-text__text\"><span class=\"wixui-rich-text__text\"><span class=\"wixGuard wixui-rich-text__text\">\u200b<\/span><\/span><\/p>\n<p class=\"font_8 wixui-rich-text__text\"><span class=\"wixui-rich-text__text\">Comun\u00edquese con nuestra oficina para obtener ayuda si ha sido afectado por delitos o abusos.<\/span><\/p>\n\t\t\t\t\t\t\t\t<\/div>\n\t\t\t\t<\/div>\n\t\t\t\t<\/div>\n\t\t\t\t\t<\/div>\n\t\t\t\t<\/div>\n\t\t<div class=\"elementor-element elementor-element-940b733 e-con-full e-flex e-con e-parent\" data-id=\"940b733\" data-element_type=\"container\" data-e-type=\"container\">\n\t\t<div class=\"elementor-element elementor-element-184ff1f e-con-full e-flex e-con e-child\" data-id=\"184ff1f\" data-element_type=\"container\" data-e-type=\"container\">\n\t\t\t\t<div class=\"elementor-element elementor-element-64d10ff elementor-align-center elementor-widget elementor-widget-button\" data-id=\"64d10ff\" data-element_type=\"widget\" data-e-type=\"widget\" data-widget_type=\"button.default\">\n\t\t\t\t<div class=\"elementor-widget-container\">\n\t\t\t\t\t\t\t\t\t<div class=\"elementor-button-wrapper\">\n\t\t\t\t\t<a class=\"elementor-button elementor-button-link elementor-size-sm\" href=\"http:\/\/Haga%20clic%20para%20ver\/imprimir%20nuestro%20bolet\u00edn%20%20\" target=\"_blank\">\n\t\t\t\t\t\t<span class=\"elementor-button-content-wrapper\">\n\t\t\t\t\t\t\t\t\t<span class=\"elementor-button-text\">Haga clic para ver\/imprimir nuestro bolet\u00edn  <\/span>\n\t\t\t\t\t<\/span>\n\t\t\t\t\t<\/a>\n\t\t\t\t<\/div>\n\t\t\t\t\t\t\t\t<\/div>\n\t\t\t\t<\/div>\n\t\t\t\t<\/div>\n\t\t<div class=\"elementor-element elementor-element-17ba913 e-con-full e-flex e-con e-child\" data-id=\"17ba913\" data-element_type=\"container\" data-e-type=\"container\">\n\t\t\t\t<div class=\"elementor-element elementor-element-ff89410 elementor-align-center elementor-widget elementor-widget-button\" data-id=\"ff89410\" data-element_type=\"widget\" data-e-type=\"widget\" data-widget_type=\"button.default\">\n\t\t\t\t<div class=\"elementor-widget-container\">\n\t\t\t\t\t\t\t\t\t<div class=\"elementor-button-wrapper\">\n\t\t\t\t\t<a class=\"elementor-button elementor-button-link elementor-size-sm\" href=\"https:\/\/handsofhope.net\/wp-content\/uploads\/2023\/06\/Ref1084-2021-2022-Annual-Report-Hands-of-Hope-Resource-Center.pdf\" target=\"_blank\">\n\t\t\t\t\t\t<span class=\"elementor-button-content-wrapper\">\n\t\t\t\t\t\t\t\t\t<span class=\"elementor-button-text\">Haga clic para ver\/imprimir nuestro informe anual<\/span>\n\t\t\t\t\t<\/span>\n\t\t\t\t\t<\/a>\n\t\t\t\t<\/div>\n\t\t\t\t\t\t\t\t<\/div>\n\t\t\t\t<\/div>\n\t\t\t\t<\/div>\n\t\t<div class=\"elementor-element elementor-element-41e571a e-con-full e-flex e-con e-child\" data-id=\"41e571a\" data-element_type=\"container\" data-e-type=\"container\">\n\t\t\t\t<div class=\"elementor-element elementor-element-654016c elementor-align-center elementor-widget elementor-widget-button\" data-id=\"654016c\" data-element_type=\"widget\" data-e-type=\"widget\" data-widget_type=\"button.default\">\n\t\t\t\t<div class=\"elementor-widget-container\">\n\t\t\t\t\t\t\t\t\t<div class=\"elementor-button-wrapper\">\n\t\t\t\t\t<a class=\"elementor-button elementor-button-link elementor-size-sm\" href=\"https:\/\/handsofhope.net\/wp-content\/uploads\/2023\/06\/Public_Inspection_-_HOHRC_-_09.30.2022_Form_990.pdf\" target=\"_blank\">\n\t\t\t\t\t\t<span class=\"elementor-button-content-wrapper\">\n\t\t\t\t\t\t\t\t\t<span class=\"elementor-button-text\">Haga clic para ver\/imprimir nuestro 990<\/span>\n\t\t\t\t\t<\/span>\n\t\t\t\t\t<\/a>\n\t\t\t\t<\/div>\n\t\t\t\t\t\t\t\t<\/div>\n\t\t\t\t<\/div>\n\t\t\t\t<\/div>\n\t\t\t\t<\/div>\n\t\t\t\t<\/div>\n\t\t","protected":false},"excerpt":{"rendered":"<p>Imaginamos hogares y comunidades libres de crimen y violencia. El Centro de Recursos Manos de Esperanza defiende, educa y promueve el cambio social para aquellos afectados por el crimen y el abuso. Nuestra agencia ofrece servicios gratuitos y confidenciales para las personas afectadas por violencia dom\u00e9stica, agresi\u00f3n sexual, abuso infantil y delitos generales en los [&hellip;]<\/p>\n","protected":false},"author":1,"featured_media":0,"parent":0,"menu_order":0,"comment_status":"closed","ping_status":"closed","template":"","meta":{"site-sidebar-layout":"default","site-content-layout":"","ast-site-content-layout":"default","site-content-style":"default","site-sidebar-style":"default","ast-global-header-display":"","ast-banner-title-visibility":"","ast-main-header-display":"","ast-hfb-above-header-display":"","ast-hfb-below-header-display":"","ast-hfb-mobile-header-display":"","site-post-title":"disabled","ast-breadcrumbs-content":"","ast-featured-img":"","footer-sml-layout":"","ast-disable-related-posts":"","theme-transparent-header-meta":"","adv-header-id-meta":"","stick-header-meta":"","header-above-stick-meta":"","header-main-stick-meta":"","header-below-stick-meta":"","astra-migrate-meta-layouts":"default","ast-page-background-enabled":"default","ast-page-background-meta":{"desktop":{"background-color":"var(--ast-global-color-4)","background-image":"","background-repeat":"repeat","background-position":"center center","background-size":"auto","background-attachment":"scroll","background-type":"","background-media":"","overlay-type":"","overlay-color":"","overlay-opacity":"","overlay-gradient":""},"tablet":{"background-color":"","background-image":"","background-repeat":"repeat","background-position":"center center","background-size":"auto","background-attachment":"scroll","background-type":"","background-media":"","overlay-type":"","overlay-color":"","overlay-opacity":"","overlay-gradient":""},"mobile":{"background-color":"","background-image":"","background-repeat":"repeat","background-position":"center center","background-size":"auto","background-attachment":"scroll","background-type":"","background-media":"","overlay-type":"","overlay-color":"","overlay-opacity":"","overlay-gradient":""}},"ast-content-background-meta":{"desktop":{"background-color":"var(--ast-global-color-5)","background-image":"","background-repeat":"repeat","background-position":"center center","background-size":"auto","background-attachment":"scroll","background-type":"","background-media":"","overlay-type":"","overlay-color":"","overlay-opacity":"","overlay-gradient":""},"tablet":{"background-color":"var(--ast-global-color-5)","background-image":"","background-repeat":"repeat","background-position":"center center","background-size":"auto","background-attachment":"scroll","background-type":"","background-media":"","overlay-type":"","overlay-color":"","overlay-opacity":"","overlay-gradient":""},"mobile":{"background-color":"var(--ast-global-color-5)","background-image":"","background-repeat":"repeat","background-position":"center center","background-size":"auto","background-attachment":"scroll","background-type":"","background-media":"","overlay-type":"","overlay-color":"","overlay-opacity":"","overlay-gradient":""}},"footnotes":""},"class_list":["post-876","page","type-page","status-publish","hentry"],"_links":{"self":[{"href":"https:\/\/handsofhope.net\/es\/wp-json\/wp\/v2\/pages\/876","targetHints":{"allow":["GET"]}}],"collection":[{"href":"https:\/\/handsofhope.net\/es\/wp-json\/wp\/v2\/pages"}],"about":[{"href":"https:\/\/handsofhope.net\/es\/wp-json\/wp\/v2\/types\/page"}],"author":[{"embeddable":true,"href":"https:\/\/handsofhope.net\/es\/wp-json\/wp\/v2\/users\/1"}],"replies":[{"embeddable":true,"href":"https:\/\/handsofhope.net\/es\/wp-json\/wp\/v2\/comments?post=876"}],"version-history":[{"count":0,"href":"https:\/\/handsofhope.net\/es\/wp-json\/wp\/v2\/pages\/876\/revisions"}],"wp:attachment":[{"href":"https:\/\/handsofhope.net\/es\/wp-json\/wp\/v2\/media?parent=876"}],"curies":[{"name":"wp","href":"https:\/\/api.w.org\/{rel}","templated":true}]}}